{"id":2295,"date":"2026-04-10T13:13:07","date_gmt":"2026-04-10T11:13:07","guid":{"rendered":"https:\/\/www.bayoocare.com\/mentions-legales\/"},"modified":"2026-04-10T13:13:07","modified_gmt":"2026-04-10T11:13:07","slug":"mentions-legales","status":"publish","type":"page","link":"https:\/\/www.bayoocare.com\/fr\/mentions-legales\/","title":{"rendered":"Mentions l\u00e9gales"},"content":{"rendered":"<div class=\"fusion-fullwidth fullwidth-box fusion-builder-row-1 fusion-flex-container nonhundred-percent-fullwidth non-hundred-percent-height-scrolling\" style=\"--awb-border-radius-top-left:0px;--awb-border-radius-top-right:0px;--awb-border-radius-bottom-right:0px;--awb-border-radius-bottom-left:0px;--awb-flex-wrap:wrap;\" ><div class=\"fusion-builder-row fusion-row fusion-flex-align-items-flex-start fusion-flex-content-wrap\" style=\"max-width:1248px;margin-left: calc(-4% \/ 2 );margin-right: calc(-4% \/ 2 );\"><div class=\"fusion-layout-column fusion_builder_column fusion-builder-column-0 fusion_builder_column_1_1 1_1 fusion-flex-column\" style=\"--awb-bg-blend:overlay;--awb-bg-size:cover;--awb-width-large:100%;--awb-margin-top-large:0px;--awb-spacing-right-large:1.92%;--awb-margin-bottom-large:0px;--awb-spacing-left-large:1.92%;--awb-width-medium:100%;--awb-spacing-right-medium:1.92%;--awb-spacing-left-medium:1.92%;--awb-width-small:100%;--awb-spacing-right-small:1.92%;--awb-spacing-left-small:1.92%;\"><div class=\"fusion-column-wrapper fusion-flex-justify-content-flex-start fusion-content-layout-column\"><div class=\"fusion-title title fusion-title-1 fusion-sep-none fusion-title-text fusion-title-size-one\" style=\"--awb-margin-top-small:10px;--awb-margin-right-small:0px;--awb-margin-bottom-small:10px;--awb-margin-left-small:0px;\"><h1 class=\"fusion-title-heading title-heading-left fusion-responsive-typography-calculated\" style=\"margin:0;--fontSize:42;line-height:var(--awb-typography1-line-height);\">Mentions l\u00e9gales<\/h1><\/div><div class=\"fusion-title title fusion-title-2 fusion-sep-none fusion-title-text fusion-title-size-two\" style=\"--awb-margin-top-small:10px;--awb-margin-right-small:0px;--awb-margin-bottom-small:10px;--awb-margin-left-small:0px;\"><h2 class=\"fusion-title-heading title-heading-left fusion-responsive-typography-calculated\" style=\"margin:0;--fontSize:35;line-height:var(--awb-typography1-line-height);\">\u00c9diteur<\/h2><\/div><div class=\"fusion-text fusion-text-1\"><div class=\"av-special-heading av-12uzf-52fcf04d4aea70995c19158cc1f60c78 av-special-heading-h3 avia-builder-el-0 el_before_av_textblock avia-builder-el-first \">\n<h3 class=\"av-special-heading-tag fusion-responsive-typography-calculated\" style=\"--fontsize: 30;line-height: 1.2\" data-fontsize=\"30\" data-lineheight=\"36px\"><span style=\"font-family: Rubik, Arial, Helvetica, sans-serif;font-size: 18px;letter-spacing: 0.27px\">BAYOOCARE GmbH<\/span><\/h3>\n<\/div>\n<section class=\"av_textblock_section av-y9jv-3f4eafcaa181641976bb859e904a3eda \">\n<div class=\"avia_textblock\">\n<p>Europaplatz 5<br \/>\nD-64293 Darmstadt<\/p>\n<p>T\u00e9l\u00e9phone : <a href=\"tel:+49%20(0)%206151%20-%2086%2018%20-%200\">+49 (0) 6151 &#8211; 86 18 &#8211; 0<\/a><br \/>\nFax : <a href=\"fax:+49%20(0)%206151%20-%2086%2018%20-%20150\">+49 (0) 6151 &#8211; 86 18 &#8211; 150<\/a><\/p>\n<p>Contact : <a href=\"mailto:info@bayoocare.com\">info@bayoocare.com<\/a><br \/>\nSupport : <a href=\"mailto:support@bayoocare.com\">support@bayoocare.com<\/a><br \/>\nEmplois : <a href=\"mailto:jobs@bayoo.net\">jobs@bayoo.net<\/a><br \/>\nPresse : <a href=\"mailto:presse@bayoo.net\">presse@bayoo.net<\/a><\/p>\n<p>Tribunal d&rsquo;instance de Darmstadt HRB 104518<\/p>\n<p>Num\u00e9ro de TVA : <span class=\"ui-provider vc b c d e f g h i j k l m n o p q r s t u v w x y z ab ac ae af ag ah ai aj ak\" dir=\"ltr\">DE253462525 (organisation de la TVA avec BAYOONET AG)<\/span><\/p>\n<\/div>\n<\/section>\n<\/div><div class=\"fusion-title title fusion-title-3 fusion-sep-none fusion-title-text fusion-title-size-two\" style=\"--awb-margin-top-small:10px;--awb-margin-right-small:0px;--awb-margin-bottom-small:10px;--awb-margin-left-small:0px;\"><h2 class=\"fusion-title-heading title-heading-left fusion-responsive-typography-calculated\" style=\"margin:0;--fontSize:35;line-height:var(--awb-typography1-line-height);\">Directeur g\u00e9n\u00e9ral<\/h2><\/div><div class=\"fusion-text fusion-text-2\"><p>Alfred Koch, Stefan Becher, Frank Manger<\/p>\n<p><strong>Mentions l\u00e9gales et protection des donn\u00e9es<\/strong><\/p>\n<p>Ces pages Internet sont destin\u00e9es \u00e0 fournir des informations g\u00e9n\u00e9rales sur BAYOOCARE GmbH, nos services et nos produits. Nous nous effor\u00e7ons de mettre \u00e0 votre disposition des informations actualis\u00e9es. Cependant, nous ne garantissons pas l&rsquo;exactitude et l&rsquo;exhaustivit\u00e9 des informations. En outre, nous d\u00e9clinons toute responsabilit\u00e9 pour tout type de dommage r\u00e9sultant de l&rsquo;utilisation des informations publi\u00e9es ici.   <\/p>\n<p><strong>Remarque importante concernant tous les liens :<\/strong><\/p>\n<p>Par son jugement du 12 mai 1998 &#8211; 312 O 85\/98 &#8211; &lsquo;Responsabilit\u00e9 pour les liens&rsquo;, le tribunal de grande instance (LG) de Hambourg a d\u00e9cid\u00e9 que la mise en place d&rsquo;un lien entra\u00eene, le cas \u00e9ch\u00e9ant, une co-responsabilit\u00e9 pour les contenus des pages reli\u00e9es. Selon le tribunal, cela ne peut \u00eatre \u00e9vit\u00e9 que si l&rsquo;on se distancie express\u00e9ment de ces contenus. Par la pr\u00e9sente, nous nous distan\u00e7ons express\u00e9ment de tous les contenus de toutes les pages li\u00e9es \u00e0 notre page d&rsquo;accueil et ne nous approprions pas ces contenus. Cette d\u00e9claration s&rsquo;applique \u00e0 tous les liens figurant sur ce site.   <\/p>\n<\/div><\/div><\/div><\/div><\/div>\n","protected":false},"excerpt":{"rendered":"","protected":false},"author":4,"featured_media":0,"parent":0,"menu_order":0,"comment_status":"closed","ping_status":"closed","template":"100-width.php","meta":{"footnotes":""},"class_list":["post-2295","page","type-page","status-publish","hentry"],"yoast_head":"<!-- This site is optimized with the Yoast SEO Premium plugin v27.4 (Yoast SEO v27.5) - https:\/\/yoast.com\/product\/yoast-seo-premium-wordpress\/ -->\n<title>Mentions l\u00e9gales &#8211; BAYOOCARE<\/title>\n<meta name=\"description\" content=\"Mentions l\u00e9gales de BAYOOCARE GmbH - informations juridiques, informations de contact, g\u00e9rant et remarques sur la responsabilit\u00e9 et la protection des donn\u00e9es.\" \/>\n<meta name=\"robots\" content=\"index, follow, max-snippet:-1, max-image-preview:large, max-video-preview:-1\" \/>\n<link rel=\"canonical\" href=\"https:\/\/www.bayoocare.com\/fr\/mentions-legales\/\" \/>\n<meta property=\"og:locale\" content=\"fr_FR\" \/>\n<meta property=\"og:type\" content=\"article\" \/>\n<meta property=\"og:title\" content=\"Mentions l\u00e9gales &#8211; BAYOOCARE\" \/>\n<meta property=\"og:url\" content=\"https:\/\/www.bayoocare.com\/fr\/mentions-legales\/\" \/>\n<meta property=\"og:site_name\" content=\"BAYOOCARE\" \/>\n<meta property=\"og:image\" content=\"https:\/\/www.bayoocare.com\/wp-content\/uploads\/sites\/7\/2026\/03\/BAYOOCARE_Website_Social_Media.jpg\" \/>\n\t<meta property=\"og:image:width\" content=\"1200\" \/>\n\t<meta property=\"og:image:height\" content=\"675\" \/>\n\t<meta property=\"og:image:type\" content=\"image\/jpeg\" \/>\n<meta name=\"twitter:card\" content=\"summary_large_image\" \/>\n<meta name=\"twitter:label1\" content=\"Dur\u00e9e de lecture estim\u00e9e\" \/>\n\t<meta name=\"twitter:data1\" content=\"4 minutes\" \/>\n<script type=\"application\/ld+json\" class=\"yoast-schema-graph\">{\"@context\":\"https:\\\/\\\/schema.org\",\"@graph\":[{\"@type\":\"WebPage\",\"@id\":\"https:\\\/\\\/www.bayoocare.com\\\/fr\\\/mentions-legales\\\/\",\"url\":\"https:\\\/\\\/www.bayoocare.com\\\/fr\\\/mentions-legales\\\/\",\"name\":\"Mentions l\u00e9gales &#8211; BAYOOCARE\",\"isPartOf\":{\"@id\":\"https:\\\/\\\/www.bayoocare.com\\\/#website\"},\"datePublished\":\"2026-04-10T11:13:07+00:00\",\"description\":\"Mentions l\u00e9gales de BAYOOCARE GmbH - informations juridiques, informations de contact, g\u00e9rant et remarques sur la responsabilit\u00e9 et la protection des donn\u00e9es.\",\"breadcrumb\":{\"@id\":\"https:\\\/\\\/www.bayoocare.com\\\/fr\\\/mentions-legales\\\/#breadcrumb\"},\"inLanguage\":\"fr-FR\",\"potentialAction\":[{\"@type\":\"ReadAction\",\"target\":[\"https:\\\/\\\/www.bayoocare.com\\\/fr\\\/mentions-legales\\\/\"]}]},{\"@type\":\"BreadcrumbList\",\"@id\":\"https:\\\/\\\/www.bayoocare.com\\\/fr\\\/mentions-legales\\\/#breadcrumb\",\"itemListElement\":[{\"@type\":\"ListItem\",\"position\":1,\"name\":\"Startseite\",\"item\":\"https:\\\/\\\/www.bayoocare.com\\\/fr\\\/fabricants-legaux-pour-votre-dispositif-medical\\\/\"},{\"@type\":\"ListItem\",\"position\":2,\"name\":\"Mentions l\u00e9gales\"}]},{\"@type\":\"WebSite\",\"@id\":\"https:\\\/\\\/www.bayoocare.com\\\/#website\",\"url\":\"https:\\\/\\\/www.bayoocare.com\\\/\",\"name\":\"BAYOOCARE\",\"description\":\"\",\"publisher\":{\"@id\":\"https:\\\/\\\/www.bayoocare.com\\\/#organization\"},\"potentialAction\":[{\"@type\":\"SearchAction\",\"target\":{\"@type\":\"EntryPoint\",\"urlTemplate\":\"https:\\\/\\\/www.bayoocare.com\\\/?s={search_term_string}\"},\"query-input\":{\"@type\":\"PropertyValueSpecification\",\"valueRequired\":true,\"valueName\":\"search_term_string\"}}],\"inLanguage\":\"fr-FR\"},{\"@type\":\"Organization\",\"@id\":\"https:\\\/\\\/www.bayoocare.com\\\/#organization\",\"name\":\"BAYOOCARE\",\"url\":\"https:\\\/\\\/www.bayoocare.com\\\/\",\"logo\":{\"@type\":\"ImageObject\",\"inLanguage\":\"fr-FR\",\"@id\":\"https:\\\/\\\/www.bayoocare.com\\\/#\\\/schema\\\/logo\\\/image\\\/\",\"url\":\"https:\\\/\\\/www.bayoocare.com\\\/wp-content\\\/uploads\\\/sites\\\/7\\\/2026\\\/03\\\/BAYOOCARE_Logo_Yoast.jpg\",\"contentUrl\":\"https:\\\/\\\/www.bayoocare.com\\\/wp-content\\\/uploads\\\/sites\\\/7\\\/2026\\\/03\\\/BAYOOCARE_Logo_Yoast.jpg\",\"width\":512,\"height\":512,\"caption\":\"BAYOOCARE\"},\"image\":{\"@id\":\"https:\\\/\\\/www.bayoocare.com\\\/#\\\/schema\\\/logo\\\/image\\\/\"},\"sameAs\":[\"https:\\\/\\\/www.linkedin.com\\\/company\\\/bayoocare-gmbh\\\/\"],\"description\":\"Deutschland, Schweiz, Gro\u00dfbritannien und die USA \u2013 BAYOOCARE unterst\u00fctzt Sie als Legalhersteller, Bevollm\u00e4chtigter und Berater in Zulassungsfragen von der Idee bis zum Ende des Produktlebenszyklus.\",\"email\":\"info@bayoocare.com\",\"telephone\":\"+49 (0) 6151 \u2013 86 18 \u2013 0\",\"legalName\":\"BAYOOCARE GmbH\"}]}<\/script>\n<!-- \/ Yoast SEO Premium plugin. -->","yoast_head_json":{"title":"Mentions l\u00e9gales &#8211; BAYOOCARE","description":"Mentions l\u00e9gales de BAYOOCARE GmbH - informations juridiques, informations de contact, g\u00e9rant et remarques sur la responsabilit\u00e9 et la protection des donn\u00e9es.","robots":{"index":"index","follow":"follow","max-snippet":"max-snippet:-1","max-image-preview":"max-image-preview:large","max-video-preview":"max-video-preview:-1"},"canonical":"https:\/\/www.bayoocare.com\/fr\/mentions-legales\/","og_locale":"fr_FR","og_type":"article","og_title":"Mentions l\u00e9gales &#8211; BAYOOCARE","og_url":"https:\/\/www.bayoocare.com\/fr\/mentions-legales\/","og_site_name":"BAYOOCARE","og_image":[{"width":1200,"height":675,"url":"https:\/\/www.bayoocare.com\/wp-content\/uploads\/sites\/7\/2026\/03\/BAYOOCARE_Website_Social_Media.jpg","type":"image\/jpeg"}],"twitter_card":"summary_large_image","twitter_misc":{"Dur\u00e9e de lecture estim\u00e9e":"4 minutes"},"schema":{"@context":"https:\/\/schema.org","@graph":[{"@type":"WebPage","@id":"https:\/\/www.bayoocare.com\/fr\/mentions-legales\/","url":"https:\/\/www.bayoocare.com\/fr\/mentions-legales\/","name":"Mentions l\u00e9gales &#8211; BAYOOCARE","isPartOf":{"@id":"https:\/\/www.bayoocare.com\/#website"},"datePublished":"2026-04-10T11:13:07+00:00","description":"Mentions l\u00e9gales de BAYOOCARE GmbH - informations juridiques, informations de contact, g\u00e9rant et remarques sur la responsabilit\u00e9 et la protection des donn\u00e9es.","breadcrumb":{"@id":"https:\/\/www.bayoocare.com\/fr\/mentions-legales\/#breadcrumb"},"inLanguage":"fr-FR","potentialAction":[{"@type":"ReadAction","target":["https:\/\/www.bayoocare.com\/fr\/mentions-legales\/"]}]},{"@type":"BreadcrumbList","@id":"https:\/\/www.bayoocare.com\/fr\/mentions-legales\/#breadcrumb","itemListElement":[{"@type":"ListItem","position":1,"name":"Startseite","item":"https:\/\/www.bayoocare.com\/fr\/fabricants-legaux-pour-votre-dispositif-medical\/"},{"@type":"ListItem","position":2,"name":"Mentions l\u00e9gales"}]},{"@type":"WebSite","@id":"https:\/\/www.bayoocare.com\/#website","url":"https:\/\/www.bayoocare.com\/","name":"BAYOOCARE","description":"","publisher":{"@id":"https:\/\/www.bayoocare.com\/#organization"},"potentialAction":[{"@type":"SearchAction","target":{"@type":"EntryPoint","urlTemplate":"https:\/\/www.bayoocare.com\/?s={search_term_string}"},"query-input":{"@type":"PropertyValueSpecification","valueRequired":true,"valueName":"search_term_string"}}],"inLanguage":"fr-FR"},{"@type":"Organization","@id":"https:\/\/www.bayoocare.com\/#organization","name":"BAYOOCARE","url":"https:\/\/www.bayoocare.com\/","logo":{"@type":"ImageObject","inLanguage":"fr-FR","@id":"https:\/\/www.bayoocare.com\/#\/schema\/logo\/image\/","url":"https:\/\/www.bayoocare.com\/wp-content\/uploads\/sites\/7\/2026\/03\/BAYOOCARE_Logo_Yoast.jpg","contentUrl":"https:\/\/www.bayoocare.com\/wp-content\/uploads\/sites\/7\/2026\/03\/BAYOOCARE_Logo_Yoast.jpg","width":512,"height":512,"caption":"BAYOOCARE"},"image":{"@id":"https:\/\/www.bayoocare.com\/#\/schema\/logo\/image\/"},"sameAs":["https:\/\/www.linkedin.com\/company\/bayoocare-gmbh\/"],"description":"Deutschland, Schweiz, Gro\u00dfbritannien und die USA \u2013 BAYOOCARE unterst\u00fctzt Sie als Legalhersteller, Bevollm\u00e4chtigter und Berater in Zulassungsfragen von der Idee bis zum Ende des Produktlebenszyklus.","email":"info@bayoocare.com","telephone":"+49 (0) 6151 \u2013 86 18 \u2013 0","legalName":"BAYOOCARE GmbH"}]}},"_links":{"self":[{"href":"https:\/\/www.bayoocare.com\/fr\/wp-json\/wp\/v2\/pages\/2295","targetHints":{"allow":["GET"]}}],"collection":[{"href":"https:\/\/www.bayoocare.com\/fr\/wp-json\/wp\/v2\/pages"}],"about":[{"href":"https:\/\/www.bayoocare.com\/fr\/wp-json\/wp\/v2\/types\/page"}],"author":[{"embeddable":true,"href":"https:\/\/www.bayoocare.com\/fr\/wp-json\/wp\/v2\/users\/4"}],"replies":[{"embeddable":true,"href":"https:\/\/www.bayoocare.com\/fr\/wp-json\/wp\/v2\/comments?post=2295"}],"version-history":[{"count":0,"href":"https:\/\/www.bayoocare.com\/fr\/wp-json\/wp\/v2\/pages\/2295\/revisions"}],"wp:attachment":[{"href":"https:\/\/www.bayoocare.com\/fr\/wp-json\/wp\/v2\/media?parent=2295"}],"curies":[{"name":"wp","href":"https:\/\/api.w.org\/{rel}","templated":true}]}}