{"id":7422,"date":"2024-10-07T12:38:46","date_gmt":"2024-10-07T12:38:46","guid":{"rendered":"https:\/\/www.bayoocare.com\/?page_id=7422"},"modified":"2024-10-07T12:38:46","modified_gmt":"2024-10-07T12:38:46","slug":"startup-journey","status":"publish","type":"page","link":"https:\/\/www.bayoocare.com\/fr\/startup-journey\/","title":{"rendered":"StartUp Journey"},"content":{"rendered":"\n<style type=\"text\/css\" data-created_by=\"avia_inline_auto\" id=\"style-css-av-ee99y6-a06efdf274aff78595d31f608c1ebb36\">\n.avia-section.av-ee99y6-a06efdf274aff78595d31f608c1ebb36{\nbackground-color:#df90ad;\nbackground-repeat:no-repeat;\nbackground-image:url(https:\/\/www.bayoocare.com\/wp-content\/uploads\/sites\/10\/2024\/10\/Votre-StartUp-Journey-avec-BAYOOCARE.png), linear-gradient( to bottom right, #df90ad, #25083b );\nbackground-position:50% 50%;\nbackground-attachment:scroll;\n}\n<\/style>\n<div id='av_section_1'  class='avia-section av-ee99y6-a06efdf274aff78595d31f608c1ebb36 main_color avia-section-default avia-no-border-styling  avia-builder-el-0  el_before_av_section  avia-builder-el-first  avia-full-contain avia-bg-style-scroll av-minimum-height av-minimum-height-75 av-height-75  container_wrap fullsize'  data-section-bg-repeat='contain' data-av_minimum_height_pc='75' data-av_min_height_opt='75'><div class='container av-section-cont-open' ><main  role=\"main\" itemprop=\"mainContentOfPage\"  class='template-page content  av-content-full alpha units'><div class='post-entry post-entry-type-page post-entry-7422'><div class='entry-content-wrapper clearfix'>\n\n<style type=\"text\/css\" data-created_by=\"avia_inline_auto\" id=\"style-css-av-ld1w3wso-b2073e0ba87c9338297ad0708e9fb593\">\n#top .hr.hr-invisible.av-ld1w3wso-b2073e0ba87c9338297ad0708e9fb593{\nheight:50px;\n}\n<\/style>\n<div  class='hr av-ld1w3wso-b2073e0ba87c9338297ad0708e9fb593 hr-invisible  avia-builder-el-1  avia-builder-el-no-sibling '><span class='hr-inner '><span class=\"hr-inner-style\"><\/span><\/span><\/div>\n\n<\/div><\/div><\/main><!-- close content main element --><\/div><\/div><div id='av_section_2'  class='avia-section av-jamxh0-a7fd8c120418e1650b5a9759e4b440fd main_color avia-section-default avia-no-border-styling  avia-builder-el-2  el_after_av_section  el_before_av_section  avia-bg-style-scroll container_wrap fullsize'  ><div class='container av-section-cont-open' ><div class='template-page content  av-content-full alpha units'><div class='post-entry post-entry-type-page post-entry-7422'><div class='entry-content-wrapper clearfix'>\n\n<style type=\"text\/css\" data-created_by=\"avia_inline_auto\" id=\"style-css-av-38i67o-787d5afbbe0950b2994dc5dd56469e7e\">\n.flex_column.av-38i67o-787d5afbbe0950b2994dc5dd56469e7e{\nborder-radius:0px 0px 0px 0px;\npadding:25px 25px 25px 25px;\n}\n<\/style>\n<div  class='flex_column av-38i67o-787d5afbbe0950b2994dc5dd56469e7e av_one_full  avia-builder-el-3  el_before_av_one_full  avia-builder-el-first  first flex_column_div  '     ><p>\n<style type=\"text\/css\" data-created_by=\"avia_inline_auto\" id=\"style-css-av-m1yzv0ah-671b7a3d29d9ed39f1bc96800f27dc34\">\n#top .av-special-heading.av-m1yzv0ah-671b7a3d29d9ed39f1bc96800f27dc34{\npadding-bottom:10px;\n}\nbody .av-special-heading.av-m1yzv0ah-671b7a3d29d9ed39f1bc96800f27dc34 .av-special-heading-tag .heading-char{\nfont-size:25px;\n}\n.av-special-heading.av-m1yzv0ah-671b7a3d29d9ed39f1bc96800f27dc34 .av-subheading{\nfont-size:15px;\n}\n<\/style>\n<div  class='av-special-heading av-m1yzv0ah-671b7a3d29d9ed39f1bc96800f27dc34 av-special-heading-h2 blockquote modern-quote  avia-builder-el-4  el_before_av_textblock  avia-builder-el-first '><h2 class='av-special-heading-tag '  itemprop=\"headline\"  >Faites naviguer votre start-up en toute s\u00e9curit\u00e9 dans le labyrinthe r\u00e9glementaire avec BAYOOCARE !<\/h2><div class=\"special-heading-border\"><div class=\"special-heading-inner-border\"><\/div><\/div><\/div><br \/>\n<section  class='av_textblock_section av-l5atcx2k-46de5829643219dfd9407e9abd5c2461 '   itemscope=\"itemscope\" itemtype=\"https:\/\/schema.org\/CreativeWork\" ><div class='avia_textblock'  itemprop=\"text\" ><p>En tant que jeune entreprise dans le domaine de la technologie m\u00e9dicale, vous \u00eates confront\u00e9 \u00e0 de nombreux d\u00e9fis. Le respect du r\u00e8glement (UE) 2017\/745 peut rapidement se transformer en une jungle imp\u00e9n\u00e9trable de r\u00e8gles et d&#8217;exigences. C&#8217;est pr\u00e9cis\u00e9ment l\u00e0 que nous intervenons !<\/p>\n<p>Chez BAYOOCARE, nous vous aidons \u00e0 mettre votre produit m\u00e9dical innovant sur le march\u00e9 avec succ\u00e8s et en toute conformit\u00e9. Notre \u00e9quipe d&#8217;experts exp\u00e9riment\u00e9s est \u00e0 vos c\u00f4t\u00e9s et vous accompagne \u00e0 chaque \u00e9tape du chemin &#8211; de l&#8217;id\u00e9e initiale du produit jusqu&#8217;\u00e0 son lancement sur le march\u00e9.<\/p>\n<div><\/div>\n<\/div><\/section><\/p><\/div>\n<style type=\"text\/css\" data-created_by=\"avia_inline_auto\" id=\"style-css-av-38i67o-8c7f9277e53aae38caafa32f96447a83\">\n@keyframes av_boxShadowEffect_av-38i67o-8c7f9277e53aae38caafa32f96447a83-column {\n0%   { box-shadow:  0 0 0 0 #686868; opacity: 1; }\n100% { box-shadow:  0 0 10px 0 #686868; opacity: 1; }\n}\n.flex_column.av-38i67o-8c7f9277e53aae38caafa32f96447a83{\nbox-shadow: 0 0 10px 0 #686868;\nborder-radius:0px 0px 0px 0px;\npadding:25px 25px 25px 25px;\nbackground-color:rgba(70,6,79,0.85);\n}\n<\/style>\n<div  class='flex_column av-38i67o-8c7f9277e53aae38caafa32f96447a83 av_one_full  avia-builder-el-6  el_after_av_one_full  el_before_av_hr  first flex_column_div shadow-not-animated  column-top-margin'     ><p>\n<style type=\"text\/css\" data-created_by=\"avia_inline_auto\" id=\"style-css-av-m1yzve1x-92eabcd372c3c40f7e3425def7e5be6d\">\n#top .av-special-heading.av-m1yzve1x-92eabcd372c3c40f7e3425def7e5be6d{\npadding-bottom:10px;\ncolor:#ffffff;\n}\nbody .av-special-heading.av-m1yzve1x-92eabcd372c3c40f7e3425def7e5be6d .av-special-heading-tag .heading-char{\nfont-size:25px;\n}\n.av-special-heading.av-m1yzve1x-92eabcd372c3c40f7e3425def7e5be6d .special-heading-inner-border{\nborder-color:#ffffff;\n}\n.av-special-heading.av-m1yzve1x-92eabcd372c3c40f7e3425def7e5be6d .av-subheading{\nfont-size:15px;\n}\n<\/style>\n<div  class='av-special-heading av-m1yzve1x-92eabcd372c3c40f7e3425def7e5be6d av-special-heading-h2 custom-color-heading blockquote modern-quote  avia-builder-el-7  el_before_av_textblock  avia-builder-el-first '><h2 class='av-special-heading-tag '  itemprop=\"headline\"  >Nos services pour votre start-up:<\/h2><div class=\"special-heading-border\"><div class=\"special-heading-inner-border\"><\/div><\/div><\/div><br \/>\n\n<style type=\"text\/css\" data-created_by=\"avia_inline_auto\" id=\"style-css-av-l5atcx2k-693966a450d36d7a998540e3176975d1\">\n#top .av_textblock_section.av-l5atcx2k-693966a450d36d7a998540e3176975d1 .avia_textblock{\ncolor:#ffffff;\n}\n<\/style>\n<section  class='av_textblock_section av-l5atcx2k-693966a450d36d7a998540e3176975d1 '   itemscope=\"itemscope\" itemtype=\"https:\/\/schema.org\/CreativeWork\" ><div class='avia_textblock av_inherit_color'  itemprop=\"text\" ><p>En tant que jeune entreprise dans le domaine de la technologie m\u00e9dicale, vous \u00eates confront\u00e9 \u00e0 de nombreux d\u00e9fis. Le respect du r\u00e8glement (UE) 2017\/745 peut rapidement se transformer en une jungle imp\u00e9n\u00e9trable de r\u00e8gles et d&#8217;exigences. C&#8217;est pr\u00e9cis\u00e9ment l\u00e0 que nous intervenons !<\/p>\n<p>Chez BAYOOCARE, nous vous aidons \u00e0 mettre votre produit m\u00e9dical innovant sur le march\u00e9 avec succ\u00e8s et en toute conformit\u00e9. Notre \u00e9quipe d&#8217;experts exp\u00e9riment\u00e9s est \u00e0 vos c\u00f4t\u00e9s et vous accompagne \u00e0 chaque \u00e9tape du chemin &#8211; de l&#8217;id\u00e9e initiale du produit jusqu&#8217;\u00e0 son lancement sur le march\u00e9.<\/p>\n<div><\/div>\n<\/div><\/section><\/p><\/div>\n<style type=\"text\/css\" data-created_by=\"avia_inline_auto\" id=\"style-css-av-l5b1cnm4-4852042825476f35c7719ee2f16ea45d\">\n#top .hr.hr-invisible.av-l5b1cnm4-4852042825476f35c7719ee2f16ea45d{\nheight:50px;\n}\n<\/style>\n<div  class='hr av-l5b1cnm4-4852042825476f35c7719ee2f16ea45d hr-invisible  avia-builder-el-9  el_after_av_one_full  el_before_av_one_half '><span class='hr-inner '><span class=\"hr-inner-style\"><\/span><\/span><\/div>\n\n<style type=\"text\/css\" data-created_by=\"avia_inline_auto\" id=\"style-css-av-38i67o-63707ed7c601619b0f7933b3cb5893de\">\n@keyframes av_boxShadowEffect_av-38i67o-63707ed7c601619b0f7933b3cb5893de-column {\n0%   { box-shadow:  0 0 0 0 #686868; opacity: 1; }\n100% { box-shadow:  0 0 10px 0 #686868; opacity: 1; }\n}\n.flex_column.av-38i67o-63707ed7c601619b0f7933b3cb5893de{\nbox-shadow: 0 0 10px 0 #686868;\nborder-radius:0px 0px 0px 0px;\npadding:25px 25px 25px 25px;\nbackground-color:#9388a2;\n}\n<\/style>\n<div  class='flex_column av-38i67o-63707ed7c601619b0f7933b3cb5893de av_one_half  avia-builder-el-10  el_after_av_hr  el_before_av_one_half  first flex_column_div shadow-not-animated  '     ><p>\n<style type=\"text\/css\" data-created_by=\"avia_inline_auto\" id=\"style-css-av-l5atc6lv-43a6bd0ce927721d7938ab4c0e562cb9\">\n.av_font_icon.av-l5atc6lv-43a6bd0ce927721d7938ab4c0e562cb9{\ncolor:#ffffff;\nborder-color:#ffffff;\n}\n.av_font_icon.av-l5atc6lv-43a6bd0ce927721d7938ab4c0e562cb9 .av-icon-char{\nfont-size:65px;\nline-height:65px;\n}\n<\/style>\n<span  class='av_font_icon av-l5atc6lv-43a6bd0ce927721d7938ab4c0e562cb9 avia_animate_when_visible av-icon-style- avia-icon-pos-center avia-icon-animate'><span class='av-icon-char' aria-hidden='true' data-av_icon='\ue812' data-av_iconfont='entypo-fontello' ><\/span><\/span><br \/>\n\n<style type=\"text\/css\" data-created_by=\"avia_inline_auto\" id=\"style-css-av-l5atcx2k-693966a450d36d7a998540e3176975d1\">\n#top .av_textblock_section.av-l5atcx2k-693966a450d36d7a998540e3176975d1 .avia_textblock{\ncolor:#ffffff;\n}\n<\/style>\n<section  class='av_textblock_section av-l5atcx2k-693966a450d36d7a998540e3176975d1 '   itemscope=\"itemscope\" itemtype=\"https:\/\/schema.org\/CreativeWork\" ><div class='avia_textblock av_inherit_color'  itemprop=\"text\" ><p style=\"text-align: center\"><strong>Conseil r\u00e9glementaire<\/strong><\/p>\n<p style=\"text-align: center\">Nous vous aidons \u00e0 comprendre les dispositions complexes du MDR et \u00e0 les mettre en \u0153uvre correctement. Nous vous assistons dans l&#8217;\u00e9laboration de la documentation technique n\u00e9cessaire et veillons \u00e0 ce que vous passiez avec succ\u00e8s l&#8217;\u00e9valuation de conformit\u00e9.<\/p>\n<\/div><\/section><\/p><\/div>\n<style type=\"text\/css\" data-created_by=\"avia_inline_auto\" id=\"style-css-av-38i67o-4d4af59428746d5c34ffb9b3cd50c712\">\n@keyframes av_boxShadowEffect_av-38i67o-4d4af59428746d5c34ffb9b3cd50c712-column {\n0%   { box-shadow:  0 0 0 0 #686868; opacity: 1; }\n100% { box-shadow:  0 0 10px 0 #686868; opacity: 1; }\n}\n.flex_column.av-38i67o-4d4af59428746d5c34ffb9b3cd50c712{\nbox-shadow: 0 0 10px 0 #686868;\nborder-radius:0px 0px 0px 0px;\npadding:25px 25px 25px 25px;\nbackground-color:#725f85;\n}\n<\/style>\n<div  class='flex_column av-38i67o-4d4af59428746d5c34ffb9b3cd50c712 av_one_half  avia-builder-el-13  el_after_av_one_half  el_before_av_hr  flex_column_div shadow-not-animated  '     ><p>\n<style type=\"text\/css\" data-created_by=\"avia_inline_auto\" id=\"style-css-av-l5atc6lv-43a6bd0ce927721d7938ab4c0e562cb9\">\n.av_font_icon.av-l5atc6lv-43a6bd0ce927721d7938ab4c0e562cb9{\ncolor:#ffffff;\nborder-color:#ffffff;\n}\n.av_font_icon.av-l5atc6lv-43a6bd0ce927721d7938ab4c0e562cb9 .av-icon-char{\nfont-size:65px;\nline-height:65px;\n}\n<\/style>\n<span  class='av_font_icon av-l5atc6lv-43a6bd0ce927721d7938ab4c0e562cb9 avia_animate_when_visible av-icon-style- avia-icon-pos-center avia-icon-animate'><span class='av-icon-char' aria-hidden='true' data-av_icon='\ue812' data-av_iconfont='entypo-fontello' ><\/span><\/span><br \/>\n\n<style type=\"text\/css\" data-created_by=\"avia_inline_auto\" id=\"style-css-av-l5atcx2k-693966a450d36d7a998540e3176975d1\">\n#top .av_textblock_section.av-l5atcx2k-693966a450d36d7a998540e3176975d1 .avia_textblock{\ncolor:#ffffff;\n}\n<\/style>\n<section  class='av_textblock_section av-l5atcx2k-693966a450d36d7a998540e3176975d1 '   itemscope=\"itemscope\" itemtype=\"https:\/\/schema.org\/CreativeWork\" ><div class='avia_textblock av_inherit_color'  itemprop=\"text\" ><p style=\"text-align: center\"><strong>Syst\u00e8me de gestion de la qualit\u00e9 (QMS)<\/strong><\/p>\n<p style=\"text-align: center\">Un SMQ robuste est la cl\u00e9 d&#8217;une homologation de produit r\u00e9ussie. Nous vous aidons \u00e0 mettre en place un syst\u00e8me de gestion de la qualit\u00e9 sur mesure qui r\u00e9pond \u00e0 la fois aux exigences l\u00e9gales et optimise vos processus commerciaux.<\/p>\n<\/div><\/section><\/p><\/div>\n<style type=\"text\/css\" data-created_by=\"avia_inline_auto\" id=\"style-css-av-l5b1cnm4-4852042825476f35c7719ee2f16ea45d\">\n#top .hr.hr-invisible.av-l5b1cnm4-4852042825476f35c7719ee2f16ea45d{\nheight:50px;\n}\n<\/style>\n<div  class='hr av-l5b1cnm4-4852042825476f35c7719ee2f16ea45d hr-invisible  avia-builder-el-16  el_after_av_one_half  el_before_av_one_half '><span class='hr-inner '><span class=\"hr-inner-style\"><\/span><\/span><\/div>\n<div class='flex_column_table av-38i67o-d8becc37eca0e07badcc7577bef2e302 sc-av_one_half av-equal-height-column-flextable'>\n<style type=\"text\/css\" data-created_by=\"avia_inline_auto\" id=\"style-css-av-38i67o-d8becc37eca0e07badcc7577bef2e302\">\n@keyframes av_boxShadowEffect_av-38i67o-d8becc37eca0e07badcc7577bef2e302-column {\n0%   { box-shadow:  0 0 0 0 #686868; opacity: 1; }\n100% { box-shadow:  0 0 10px 0 #686868; opacity: 1; }\n}\n.flex_column.av-38i67o-d8becc37eca0e07badcc7577bef2e302{\nbox-shadow: 0 0 10px 0 #686868;\nborder-radius:0px 0px 0px 0px;\npadding:25px 25px 25px 25px;\nbackground-color:#725f85;\n}\n<\/style>\n<div  class='flex_column av-38i67o-d8becc37eca0e07badcc7577bef2e302 av_one_half  avia-builder-el-17  el_after_av_hr  el_before_av_one_half  first flex_column_table_cell av-equal-height-column av-align-middle shadow-not-animated  '     ><p>\n<style type=\"text\/css\" data-created_by=\"avia_inline_auto\" id=\"style-css-av-l5atc6lv-43a6bd0ce927721d7938ab4c0e562cb9\">\n.av_font_icon.av-l5atc6lv-43a6bd0ce927721d7938ab4c0e562cb9{\ncolor:#ffffff;\nborder-color:#ffffff;\n}\n.av_font_icon.av-l5atc6lv-43a6bd0ce927721d7938ab4c0e562cb9 .av-icon-char{\nfont-size:65px;\nline-height:65px;\n}\n<\/style>\n<span  class='av_font_icon av-l5atc6lv-43a6bd0ce927721d7938ab4c0e562cb9 avia_animate_when_visible av-icon-style- avia-icon-pos-center avia-icon-animate'><span class='av-icon-char' aria-hidden='true' data-av_icon='\ue812' data-av_iconfont='entypo-fontello' ><\/span><\/span><br \/>\n\n<style type=\"text\/css\" data-created_by=\"avia_inline_auto\" id=\"style-css-av-l5atcx2k-693966a450d36d7a998540e3176975d1\">\n#top .av_textblock_section.av-l5atcx2k-693966a450d36d7a998540e3176975d1 .avia_textblock{\ncolor:#ffffff;\n}\n<\/style>\n<section  class='av_textblock_section av-l5atcx2k-693966a450d36d7a998540e3176975d1 '   itemscope=\"itemscope\" itemtype=\"https:\/\/schema.org\/CreativeWork\" ><div class='avia_textblock av_inherit_color'  itemprop=\"text\" ><p style=\"text-align: center\"><strong>Consultation commune<\/strong><\/p>\n<p style=\"text-align: center\">Notre collaboration est bas\u00e9e sur la confiance et la transparence. Ensemble, nous d\u00e9veloppons des solutions sur mesure qui r\u00e9pondent pr\u00e9cis\u00e9ment aux besoins et aux objectifs de votre entreprise.<\/p>\n<\/div><\/section><\/p><\/div><div class='av-flex-placeholder'><\/div>\n<style type=\"text\/css\" data-created_by=\"avia_inline_auto\" id=\"style-css-av-38i67o-5a9a83676e563a821ce834cc4c535210\">\n@keyframes av_boxShadowEffect_av-38i67o-5a9a83676e563a821ce834cc4c535210-column {\n0%   { box-shadow:  0 0 0 0 #686868; opacity: 1; }\n100% { box-shadow:  0 0 10px 0 #686868; opacity: 1; }\n}\n.flex_column.av-38i67o-5a9a83676e563a821ce834cc4c535210{\nbox-shadow: 0 0 10px 0 #686868;\nborder-radius:0px 0px 0px 0px;\npadding:25px 25px 25px 25px;\nbackground-color:#341948;\n}\n<\/style>\n<div  class='flex_column av-38i67o-5a9a83676e563a821ce834cc4c535210 av_one_half  avia-builder-el-20  el_after_av_one_half  el_before_av_one_full  flex_column_table_cell av-equal-height-column av-align-middle shadow-not-animated  '     ><p>\n<style type=\"text\/css\" data-created_by=\"avia_inline_auto\" id=\"style-css-av-l5atc6lv-43a6bd0ce927721d7938ab4c0e562cb9\">\n.av_font_icon.av-l5atc6lv-43a6bd0ce927721d7938ab4c0e562cb9{\ncolor:#ffffff;\nborder-color:#ffffff;\n}\n.av_font_icon.av-l5atc6lv-43a6bd0ce927721d7938ab4c0e562cb9 .av-icon-char{\nfont-size:65px;\nline-height:65px;\n}\n<\/style>\n<span  class='av_font_icon av-l5atc6lv-43a6bd0ce927721d7938ab4c0e562cb9 avia_animate_when_visible av-icon-style- avia-icon-pos-center avia-icon-animate'><span class='av-icon-char' aria-hidden='true' data-av_icon='\ue812' data-av_iconfont='entypo-fontello' ><\/span><\/span><br \/>\n\n<style type=\"text\/css\" data-created_by=\"avia_inline_auto\" id=\"style-css-av-l5atcx2k-693966a450d36d7a998540e3176975d1\">\n#top .av_textblock_section.av-l5atcx2k-693966a450d36d7a998540e3176975d1 .avia_textblock{\ncolor:#ffffff;\n}\n<\/style>\n<section  class='av_textblock_section av-l5atcx2k-693966a450d36d7a998540e3176975d1 '   itemscope=\"itemscope\" itemtype=\"https:\/\/schema.org\/CreativeWork\" ><div class='avia_textblock av_inherit_color'  itemprop=\"text\" ><p style=\"text-align: center\"><strong>Accompagnement sur le chemin de la conformit\u00e9<\/strong><\/p>\n<p style=\"text-align: center\">Nous ne vous laissons pas seuls ! De la planification \u00e0 la mise en \u0153uvre, nous sommes un partenaire solide \u00e0 vos c\u00f4t\u00e9s et vous accompagnons tout au long du processus d&#8217;\u00e9valuation de la conformit\u00e9.<\/p>\n<\/div><\/section><\/p><\/div><\/div><!--close column table wrapper. Autoclose: 1 -->\n<style type=\"text\/css\" data-created_by=\"avia_inline_auto\" id=\"style-css-av-38i67o-049b4bced3186bd596a370db4062387f\">\n.flex_column.av-38i67o-049b4bced3186bd596a370db4062387f{\nborder-radius:0px 0px 0px 0px;\npadding:25px 25px 25px 25px;\n}\n<\/style>\n<div  class='flex_column av-38i67o-049b4bced3186bd596a370db4062387f av_one_full  avia-builder-el-23  el_after_av_one_half  avia-builder-el-last  first flex_column_div  column-top-margin'     ><div  class='av_promobox av-m1kpmng4-812f504e7c0b6274c9c14168b1a01678 avia-button-yes  avia-builder-el-24  avia-builder-el-no-sibling '><div class='avia-promocontent'><p>\nAvec BAYOOCARE \u00e0 vos c\u00f4t\u00e9s, vous pouvez vous concentrer sur ce que vous faites le mieux &#8211; d\u00e9velopper des produits m\u00e9dicaux innovants &#8211; tandis que nous veillons \u00e0 ce que vous r\u00e9pondiez aux exigences r\u00e9glementaires de mani\u00e8re s\u00fbre et efficace. Ensemble, prenons le chemin de la conformit\u00e9 et menons votre start-up au succ\u00e8s !<\/p>\n<p>Contactez-nous d\u00e8s aujourd&#8217;hui et faites le premier pas vers un avenir prosp\u00e8re !<\/p>\n<\/div><div  class='avia-button-wrap av-m1kpmng4-75b2df8d881a951e13a4f9c0029a12a9-wrap avia-button-right '><a href='https:\/\/www.bayoocare.com\/en\/legal-manufacturer\/'  class='avia-button av-m1kpmng4-75b2df8d881a951e13a4f9c0029a12a9 av-link-btn avia-icon_select-no avia-size-large avia-position-right avia-color-theme-color'   aria-label=\"Contactez-nous maintenant\"><span class='avia_iconbox_title' >Contactez-nous maintenant<\/span><\/a><\/div><\/div><\/div>\n\n<\/div><\/div><\/div><!-- close content main div --><\/div><\/div><div id='av_section_3'  class='avia-section av-597n1q-a2ca5ab828825235f3105ebd202d8e49 main_color avia-section-default avia-no-border-styling  avia-builder-el-25  el_after_av_section  avia-builder-el-last  avia-bg-style-scroll container_wrap fullsize'  ><div class='container av-section-cont-open' ><div class='template-page content  av-content-full alpha units'><div class='post-entry post-entry-type-page post-entry-7422'><div class='entry-content-wrapper clearfix'>\n\n<style type=\"text\/css\" data-created_by=\"avia_inline_auto\" id=\"style-css-av-4uyb3y-ab1472e2683cce3f08326b8bcbb53d3f\">\n.flex_column.av-4uyb3y-ab1472e2683cce3f08326b8bcbb53d3f{\nborder-radius:0px 0px 0px 0px;\npadding:0px 0px 0px 0px;\n}\n<\/style>\n<div  class='flex_column av-4uyb3y-ab1472e2683cce3f08326b8bcbb53d3f av_one_fifth  avia-builder-el-26  el_before_av_three_fifth  avia-builder-el-first  first flex_column_div av-zero-column-padding  '     ><\/div>\n<style type=\"text\/css\" data-created_by=\"avia_inline_auto\" id=\"style-css-av-4uyb3y-3d421d6dd6685a4c5b12868482eaf4ee\">\n.flex_column.av-4uyb3y-3d421d6dd6685a4c5b12868482eaf4ee{\nborder-radius:0px 0px 0px 0px;\npadding:0px 0px 0px 0px;\n}\n<\/style>\n<div  class='flex_column av-4uyb3y-3d421d6dd6685a4c5b12868482eaf4ee av_three_fifth  avia-builder-el-27  el_after_av_one_fifth  el_before_av_one_fifth  flex_column_div av-zero-column-padding  '     ><p><section  class='av_textblock_section av-la14m9s0-a4793cfed57f1451b95d2cd0078c7971 '   itemscope=\"itemscope\" itemtype=\"https:\/\/schema.org\/CreativeWork\" ><div class='avia_textblock'  itemprop=\"text\" ><p>Vous cherchez un partenaire qui vous soutient dans le domaine de la conformit\u00e9 des dispositifs m\u00e9dicaux ? Ou vous avez besoin des conseils de nos experts ? Contactez-nous sans engagement et parlez avec nous de vos besoins.<\/p>\n<\/div><\/section><br \/>\n\n<style type=\"text\/css\" data-created_by=\"avia_inline_auto\" id=\"style-css-av-la14ou78-e3458780b7f95ffce841047dcfc0c861\">\n#top .hr.hr-invisible.av-la14ou78-e3458780b7f95ffce841047dcfc0c861{\nheight:50px;\n}\n<\/style>\n<div  class='hr av-la14ou78-e3458780b7f95ffce841047dcfc0c861 hr-invisible  avia-builder-el-29  el_after_av_textblock  el_before_av_button '><span class='hr-inner '><span class=\"hr-inner-style\"><\/span><\/span><\/div><br \/>\n<div  class='avia-button-wrap av-la14josb-aebf82ac0e1ff71fd2521f0246067c49-wrap avia-button-center  avia-builder-el-30  el_after_av_hr  avia-builder-el-last '><a href='https:\/\/www.bayoocare.com\/fr\/#kontakt'  class='avia-button av-la14josb-aebf82ac0e1ff71fd2521f0246067c49 av-link-btn avia-icon_select-no avia-size-x-large avia-position-center avia-color-dark'   aria-label=\"Votre contact avec nous\"><span class='avia_iconbox_title' >Votre contact avec nous<\/span><\/a><\/div><\/p><\/div>\n<style type=\"text\/css\" data-created_by=\"avia_inline_auto\" id=\"style-css-av-4uyb3y-3d421d6dd6685a4c5b12868482eaf4ee\">\n.flex_column.av-4uyb3y-3d421d6dd6685a4c5b12868482eaf4ee{\nborder-radius:0px 0px 0px 0px;\npadding:0px 0px 0px 0px;\n}\n<\/style>\n<div  class='flex_column av-4uyb3y-3d421d6dd6685a4c5b12868482eaf4ee av_one_fifth  avia-builder-el-31  el_after_av_three_fifth  avia-builder-el-last  flex_column_div av-zero-column-padding  '     ><\/div>\n\n","protected":false},"excerpt":{"rendered":"","protected":false},"author":33,"featured_media":0,"parent":0,"menu_order":0,"comment_status":"closed","ping_status":"closed","template":"","meta":{"footnotes":""},"class_list":["post-7422","page","type-page","status-publish","hentry"],"_links":{"self":[{"href":"https:\/\/www.bayoocare.com\/fr\/wp-json\/wp\/v2\/pages\/7422","targetHints":{"allow":["GET"]}}],"collection":[{"href":"https:\/\/www.bayoocare.com\/fr\/wp-json\/wp\/v2\/pages"}],"about":[{"href":"https:\/\/www.bayoocare.com\/fr\/wp-json\/wp\/v2\/types\/page"}],"author":[{"embeddable":true,"href":"https:\/\/www.bayoocare.com\/fr\/wp-json\/wp\/v2\/users\/33"}],"replies":[{"embeddable":true,"href":"https:\/\/www.bayoocare.com\/fr\/wp-json\/wp\/v2\/comments?post=7422"}],"version-history":[{"count":2,"href":"https:\/\/www.bayoocare.com\/fr\/wp-json\/wp\/v2\/pages\/7422\/revisions"}],"predecessor-version":[{"id":7426,"href":"https:\/\/www.bayoocare.com\/fr\/wp-json\/wp\/v2\/pages\/7422\/revisions\/7426"}],"wp:attachment":[{"href":"https:\/\/www.bayoocare.com\/fr\/wp-json\/wp\/v2\/media?parent=7422"}],"curies":[{"name":"wp","href":"https:\/\/api.w.org\/{rel}","templated":true}]}}