{"id":7539,"date":"2024-10-31T14:49:20","date_gmt":"2024-10-31T14:49:20","guid":{"rendered":"https:\/\/www.bayoocare.com\/?page_id=7539"},"modified":"2024-11-20T12:51:37","modified_gmt":"2024-11-20T12:51:37","slug":"pharma-journey","status":"publish","type":"page","link":"https:\/\/www.bayoocare.com\/fr\/pharma-journey\/","title":{"rendered":"Pharma Journey"},"content":{"rendered":"\n<style type=\"text\/css\" data-created_by=\"avia_inline_auto\" id=\"style-css-av-ee99y6-4e2022b51233a76b9bf407a58e20a253\">\n.avia-section.av-ee99y6-4e2022b51233a76b9bf407a58e20a253{\nbackground-color:#df90ad;\nbackground-repeat:no-repeat;\nbackground-image:url(https:\/\/www.bayoocare.com\/wp-content\/uploads\/sites\/10\/2024\/10\/Votre-Pharma-Journey-avec-BAYOOCARE.png), linear-gradient( to bottom right, #df90ad, #25083b );\nbackground-position:50% 50%;\nbackground-attachment:scroll;\n}\n<\/style>\n<div id='av_section_1'  class='avia-section av-ee99y6-4e2022b51233a76b9bf407a58e20a253 main_color avia-section-default avia-no-border-styling  avia-builder-el-0  el_before_av_section  avia-builder-el-first  avia-full-contain avia-bg-style-scroll av-minimum-height av-minimum-height-75 av-height-75  container_wrap fullsize'  data-section-bg-repeat='contain' data-av_minimum_height_pc='75' data-av_min_height_opt='75'><div class='container av-section-cont-open' ><main  role=\"main\" itemprop=\"mainContentOfPage\"  class='template-page content  av-content-full alpha units'><div class='post-entry post-entry-type-page post-entry-7539'><div class='entry-content-wrapper clearfix'>\n\n<style type=\"text\/css\" data-created_by=\"avia_inline_auto\" id=\"style-css-av-ld1w3wso-b2073e0ba87c9338297ad0708e9fb593\">\n#top .hr.hr-invisible.av-ld1w3wso-b2073e0ba87c9338297ad0708e9fb593{\nheight:50px;\n}\n<\/style>\n<div  class='hr av-ld1w3wso-b2073e0ba87c9338297ad0708e9fb593 hr-invisible  avia-builder-el-1  avia-builder-el-no-sibling '><span class='hr-inner '><span class=\"hr-inner-style\"><\/span><\/span><\/div>\n\n<\/div><\/div><\/main><!-- close content main element --><\/div><\/div><div id='av_section_2'  class='avia-section av-jamxh0-a7fd8c120418e1650b5a9759e4b440fd main_color avia-section-default avia-no-border-styling  avia-builder-el-2  el_after_av_section  el_before_av_section  avia-bg-style-scroll container_wrap fullsize'  ><div class='container av-section-cont-open' ><div class='template-page content  av-content-full alpha units'><div class='post-entry post-entry-type-page post-entry-7539'><div class='entry-content-wrapper clearfix'>\n\n<style type=\"text\/css\" data-created_by=\"avia_inline_auto\" id=\"style-css-av-2rfby6-a7415a6e547c124c3115dab4801ef298\">\n.flex_column.av-2rfby6-a7415a6e547c124c3115dab4801ef298{\nborder-radius:0px 0px 0px 0px;\npadding:0px 0px 0px 0px;\n}\n<\/style>\n<div  class='flex_column av-2rfby6-a7415a6e547c124c3115dab4801ef298 av_one_full  avia-builder-el-3  el_before_av_one_full  avia-builder-el-first  first flex_column_div av-zero-column-padding  '     ><p>\n<style type=\"text\/css\" data-created_by=\"avia_inline_auto\" id=\"style-css-av-av_heading-db70b2e70c93b19d2160e0057e51e58d\">\n#top .av-special-heading.av-av_heading-db70b2e70c93b19d2160e0057e51e58d{\npadding-bottom:10px;\n}\nbody .av-special-heading.av-av_heading-db70b2e70c93b19d2160e0057e51e58d .av-special-heading-tag .heading-char{\nfont-size:25px;\n}\n.av-special-heading.av-av_heading-db70b2e70c93b19d2160e0057e51e58d .av-subheading{\nfont-size:15px;\n}\n<\/style>\n<div  class='av-special-heading av-av_heading-db70b2e70c93b19d2160e0057e51e58d av-special-heading-h2 blockquote modern-quote  avia-builder-el-4  el_before_av_textblock  avia-builder-el-first '><h2 class='av-special-heading-tag '  itemprop=\"headline\"  >BAYOOCARE permet \u00e0 votre entreprise pharmaceutique de naviguer en toute s\u00e9curit\u00e9 dans le labyrinthe r\u00e9glementaire !<\/h2><div class=\"special-heading-border\"><div class=\"special-heading-inner-border\"><\/div><\/div><\/div><br \/>\n<section  class='av_textblock_section av-l5atcx2k-46de5829643219dfd9407e9abd5c2461 '   itemscope=\"itemscope\" itemtype=\"https:\/\/schema.org\/CreativeWork\" ><div class='avia_textblock'  itemprop=\"text\" ><p class=\"x_MsoNormal\">BAYOOCARE vous aide \u00e0 faire face aux exigences complexes du secteur hautement r\u00e9glement\u00e9 des dispositifs m\u00e9dicaux et \u00e0 ma\u00eetriser efficacement les diff\u00e9rences entre les exigences d&#8217;approbation.<br \/>\nEn tant que soci\u00e9t\u00e9 pharmaceutique, BAYOOCARE GmbH peut vous aider \u00e0 diff\u00e9rents niveaux du d\u00e9veloppement, de l&#8217;approbation et de la commercialisation d&#8217;un dispositif m\u00e9dical. Voici quelques domaines cl\u00e9s d&#8217;assistance :<\/p>\n<div><\/div>\n<div><\/div>\n<\/div><\/section><\/p><\/div>\n<style type=\"text\/css\" data-created_by=\"avia_inline_auto\" id=\"style-css-av-2rfby6-a7415a6e547c124c3115dab4801ef298\">\n.flex_column.av-2rfby6-a7415a6e547c124c3115dab4801ef298{\nborder-radius:0px 0px 0px 0px;\npadding:0px 0px 0px 0px;\n}\n<\/style>\n<div  class='flex_column av-2rfby6-a7415a6e547c124c3115dab4801ef298 av_one_full  avia-builder-el-6  el_after_av_one_full  el_before_av_hr  first flex_column_div av-zero-column-padding  column-top-margin'     ><style type=\"text\/css\" data-created_by=\"avia_inline_auto\" id=\"style-css-av-m1ox8xwi-69422f0283f931e1e594b968f2744742\">\n.avia-timeline-container.av-m1ox8xwi-69422f0283f931e1e594b968f2744742 .av-milestone-date{\nfont-size:,;\n}\n<\/style>\n<div  id=\"avia-timeline-1\"  class='avia-timeline-container av-m1ox8xwi-69422f0283f931e1e594b968f2744742 av-slideshow-ui  avia-builder-el-7  avia-builder-el-no-sibling ' ><ul class='avia-timeline avia-timeline-vertical av-milestone-placement-alternate avia-timeline- avia_animate_when_almost_visible avia-timeline-animate'>\n<li  class='av-milestone av-170ik3-dfca8ea40b2929b031f279aa56e68af2 av-animated-generic fade-in av-milestone-valign-baseline av-milestone-odd'><h2 class='av-milestone-date ' id='milestone-conseils-et-approbations-reglementaires' ><strong>Conseils et approbations r\u00e9glementaires<span class='av-milestone-indicator'><\/span><\/strong><\/h2><div class=\"av-milestone-icon-wrap\"><span class='av-milestone-icon milestone_icon avia-font-entypo-fontello'><span class='av-milestone-icon-inner milestone_inner'><i class='milestone-char' aria-hidden='true' data-av_icon='\ue812' data-av_iconfont='entypo-fontello'><\/i><\/span><\/span><\/div><article class='av-milestone-content-wrap'><div class='av-milestone-contentbox'><div class='av-milestone-content'><p><b>Strat\u00e9gie r\u00e9glementaire<\/b>: BAYOOCARE vous aide \u00e0 d\u00e9velopper une strat\u00e9gie d&#8217;approbation personnalis\u00e9e pour l&#8217;environnement hautement r\u00e9glement\u00e9 des dispositifs m\u00e9dicaux qui r\u00e9pond aux exigences sp\u00e9cifiques des march\u00e9s cibles. Cette strat\u00e9gie comprend une analyse d\u00e9taill\u00e9e des exigences r\u00e9glementaires (par exemple, MDR dans l&#8217;UE ou FDA aux \u00c9tats-Unis). Bien qu&#8217;il existe des similitudes avec les r\u00e9glementations du secteur pharmaceutique, les exigences et les proc\u00e9dures d&#8217;approbation pr\u00e9sentent des diff\u00e9rences significatives.<\/p>\n<p><b>Documentation et soumission<\/b>: Nous vous aidons \u00e0 cr\u00e9er et \u00e0 tenir \u00e0 jour la documentation technique et \u00e0 communiquer avec les organismes et autorit\u00e9s notifi\u00e9s.<\/p>\n<p><b>Pr\u00e9paration de l&#8217;approbation<\/b>: BAYOOCARE peut vous aider \u00e0 r\u00e9aliser les \u00e9tapes n\u00e9cessaires \u00e0 l&#8217;approbation, y compris la pr\u00e9paration de la gestion des risques et des \u00e9valuations cliniques. Une attention particuli\u00e8re est accord\u00e9e aux exigences r\u00e9glementaires sp\u00e9cifiques des dispositifs m\u00e9dicaux, qui diff\u00e8rent souvent de celles du secteur pharmaceutique.<\/p>\n<\/div><\/div><footer class='av-milestone-article-footer entry-footer'><\/footer><\/article><\/li>\n<li  class='av-milestone av-aim4tv-955ddbb603f545c26673818d6a6d01f3 av-animated-generic fade-in av-milestone-valign-baseline av-milestone-even'><h2 class='av-milestone-date ' id='milestone-systemes-de-gestion-de-la-qualite-qms' ><strong>Syst\u00e8mes de gestion de la qualit\u00e9 (QMS)<span class='av-milestone-indicator'><\/span><\/strong><\/h2><article class='av-milestone-content-wrap'><div class='av-milestone-contentbox'><div class='av-milestone-content'><p><b>SMQ conforme \u00e0 la norme ISO 13485<\/b>: Nous vous aidons \u00e0 mettre en \u0153uvre ou \u00e0 optimiser votre syst\u00e8me de gestion de la qualit\u00e9 qui r\u00e9pond aux exigences de la norme ISO 13485. Un SMQ stable est essentiel pour se conformer aux exigences r\u00e9glementaires dans le domaine des dispositifs m\u00e9dicaux, qui ont une orientation diff\u00e9rente des syst\u00e8mes utilis\u00e9s dans le secteur pharmaceutique.<\/p>\n<p><b>Audits internes et audits des fournisseurs<\/b>: Nous effectuons des audits pour nous assurer que votre entreprise et vos partenaires respectent les normes de qualit\u00e9 dans le domaine tr\u00e8s r\u00e9glement\u00e9 des dispositifs m\u00e9dicaux.<\/p>\n<p><b>\u00c9ducation et formation<\/b>: BAYOOCARE propose des formations sur les exigences r\u00e9glementaires, la gestion de la qualit\u00e9 et les processus pertinents afin de s&#8217;assurer que les employ\u00e9s de votre entreprise pharmaceutique sont bien pr\u00e9par\u00e9s.<\/p>\n<\/div><\/div><footer class='av-milestone-article-footer entry-footer'><\/footer><\/article><div class=\"av-milestone-icon-wrap\"><span class='av-milestone-icon milestone_icon avia-font-entypo-fontello'><span class='av-milestone-icon-inner milestone_inner'><i class='milestone-char' aria-hidden='true' data-av_icon='\ue812' data-av_iconfont='entypo-fontello'><\/i><\/span><\/span><\/div><h2 class='av-milestone-date ' id='milestone-systemes-de-gestion-de-la-qualite-qms' ><strong>Syst\u00e8mes de gestion de la qualit\u00e9 (QMS)<span class='av-milestone-indicator'><\/span><\/strong><\/h2><\/li>\n<li  class='av-milestone av-av_timeline_item-bdc48828d314ed3b1fecb38ab54a698a av-animated-generic fade-in av-milestone-valign-baseline av-milestone-odd'><h2 class='av-milestone-date ' id='milestone-evaluations-et-essais-cliniques' ><strong>\u00c9valuations et essais cliniques<span class='av-milestone-indicator'><\/span><\/strong><\/h2><div class=\"av-milestone-icon-wrap\"><span class='av-milestone-icon milestone_icon avia-font-entypo-fontello'><span class='av-milestone-icon-inner milestone_inner'><i class='milestone-char' aria-hidden='true' data-av_icon='\ue812' data-av_iconfont='entypo-fontello'><\/i><\/span><\/span><\/div><article class='av-milestone-content-wrap'><div class='av-milestone-contentbox'><div class='av-milestone-content'><p><b>Planification et r\u00e9alisation d&#8217;essais cliniques<\/b>: Nous vous aidons \u00e0 concevoir et \u00e0 mener des essais cliniques pour d\u00e9montrer la s\u00e9curit\u00e9 et les performances du dispositif m\u00e9dical. Au lieu de d\u00e9montrer l&#8217;effet pharmacologique comme dans les essais cliniques, l&#8217;accent est mis sur la performance technique, l&#8217;efficacit\u00e9 clinique et la s\u00e9curit\u00e9 du dispositif m\u00e9dical.<\/p>\n<p><b>\u00c9valuation clinique<\/b>: Nous vous aidons \u00e0 pr\u00e9parer les \u00e9valuations cliniques n\u00e9cessaires pour r\u00e9pondre aux exigences r\u00e9glementaires.<\/p>\n<p><b>Suivi clinique apr\u00e8s la mise sur le march\u00e9 (PMCF)<\/b>: \u00c9laboration et mise en \u0153uvre de strat\u00e9gies de suivi clinique post-commercialisation pour contr\u00f4ler la s\u00e9curit\u00e9 et l&#8217;efficacit\u00e9 de votre produit apr\u00e8s sa mise sur le march\u00e9.<\/p>\n<\/div><\/div><footer class='av-milestone-article-footer entry-footer'><\/footer><\/article><\/li>\n<li  class='av-milestone av-av_timeline_item-7b3af682897425e677aab2ece9b8292b av-animated-generic fade-in av-milestone-valign-baseline av-milestone-even'><h2 class='av-milestone-date ' id='milestone-gestion-des-risques-et-procedure-devaluation-de-la-conformite' ><strong>Gestion des risques et proc\u00e9dure d\u2019\u00e9valuation de la conformit\u00e9<span class='av-milestone-indicator'><\/span><\/strong><\/h2><article class='av-milestone-content-wrap'><div class='av-milestone-contentbox'><div class='av-milestone-content'><p><b>Gestion des risques<\/b>: BAYOOCARE peut vous aider, en tant qu&#8217;entreprise pharmaceutique, \u00e0 mettre en \u0153uvre et \u00e0 maintenir un processus syst\u00e9matique de gestion des risques conform\u00e9ment \u00e0 la norme ISO 14971. Ce processus comprend l&#8217;identification des risques potentiels, leur \u00e9valuation et la mise en \u0153uvre de mesures visant \u00e0 minimiser les risques. Ceci est particuli\u00e8rement important dans l&#8217;environnement hautement r\u00e9glement\u00e9 des dispositifs m\u00e9dicaux, qui impose des exigences sp\u00e9cifiques en mati\u00e8re d&#8217;\u00e9valuation et de minimisation des risques.<\/p>\n<p><b>\u00c9valuation de la conformit\u00e9<\/b>: Nous vous aidons \u00e0 pr\u00e9parer et \u00e0 mettre en \u0153uvre l&#8217;\u00e9valuation de la conformit\u00e9 requise pour le marquage CE du produit. Les exigences de conformit\u00e9 diff\u00e8rent souvent fondamentalement de celles du secteur pharmaceutique.<\/p>\n<\/div><\/div><footer class='av-milestone-article-footer entry-footer'><\/footer><\/article><div class=\"av-milestone-icon-wrap\"><span class='av-milestone-icon milestone_icon avia-font-entypo-fontello'><span class='av-milestone-icon-inner milestone_inner'><i class='milestone-char' aria-hidden='true' data-av_icon='\ue812' data-av_iconfont='entypo-fontello'><\/i><\/span><\/span><\/div><h2 class='av-milestone-date ' id='milestone-gestion-des-risques-et-procedure-devaluation-de-la-conformite' ><strong>Gestion des risques et proc\u00e9dure d\u2019\u00e9valuation de la conformit\u00e9<span class='av-milestone-indicator'><\/span><\/strong><\/h2><\/li>\n<li  class='av-milestone av-66p4xf-60d86702a1165f776d2616dbafa76085 av-animated-generic fade-in av-milestone-valign-baseline av-milestone-odd'><h2 class='av-milestone-date ' id='milestone-gestion-du-cycle-de-vie-des-produits' ><strong>Gestion du cycle de vie des produits<span class='av-milestone-indicator'><\/span><\/strong><\/h2><div class=\"av-milestone-icon-wrap\"><span class='av-milestone-icon milestone_icon avia-font-entypo-fontello'><span class='av-milestone-icon-inner milestone_inner'><i class='milestone-char' aria-hidden='true' data-av_icon='\ue812' data-av_iconfont='entypo-fontello'><\/i><\/span><\/span><\/div><article class='av-milestone-content-wrap'><div class='av-milestone-contentbox'><div class='av-milestone-content'><p><b>Surveillance post-commercialisation (PMS)<\/b>: mise en \u0153uvre de processus PMS pour surveiller en permanence les performances de votre produit apr\u00e8s son lancement sur le march\u00e9 et proc\u00e9der \u00e0 des ajustements si n\u00e9cessaire.<\/p>\n<p><b>Optimisation des processus<\/b>: BAYOOCARE peut vous aider \u00e0 optimiser les processus tout au long du cycle de vie du produit afin d&#8217;accro\u00eetre l&#8217;efficacit\u00e9 et la rentabilit\u00e9.<\/p>\n<p><b>Gestion du changement<\/b>: Nous vous aidons \u00e0 mettre en \u0153uvre les modifications apport\u00e9es au produit ou aux processus afin de garantir que tous les changements sont conformes aux exigences r\u00e9glementaires et qu&#8217;ils sont document\u00e9s.<\/p>\n<\/div><\/div><footer class='av-milestone-article-footer entry-footer'><\/footer><\/article><\/li>\n<li  class='av-milestone av-47nwqr-eaf4a67acd7f007a48f56433fe59d13d av-animated-generic fade-in av-milestone-valign-baseline av-milestone-even'><h2 class='av-milestone-date ' id='milestone-acces-au-marche-et-conseil-strategique' ><strong>Acc\u00e8s au march\u00e9 et conseil strat\u00e9gique<span class='av-milestone-indicator'><\/span><\/strong><\/h2><article class='av-milestone-content-wrap'><div class='av-milestone-contentbox'><div class='av-milestone-content'><p><b>Strat\u00e9gie d&#8217;acc\u00e8s au march\u00e9<\/b>: Nous vous aidons \u00e0 \u00e9laborer une strat\u00e9gie d&#8217;acc\u00e8s au march\u00e9 qui tient compte des exigences sp\u00e9cifiques et des conditions concurrentielles des march\u00e9s cibles.<\/p>\n<p><b>Conseil strat\u00e9gique<\/b>: Nous vous conseillons sur les tendances et les d\u00e9veloppements actuels dans le secteur des dispositifs m\u00e9dicaux afin que vous, en tant qu&#8217;entreprise pharmaceutique, puissiez prendre des d\u00e9cisions \u00e9clair\u00e9es qui r\u00e9pondent aux d\u00e9fis et aux caract\u00e9ristiques sp\u00e9cifiques de cet environnement hautement r\u00e9glement\u00e9.<\/p>\n<\/div><\/div><footer class='av-milestone-article-footer entry-footer'><\/footer><\/article><div class=\"av-milestone-icon-wrap\"><span class='av-milestone-icon milestone_icon avia-font-entypo-fontello'><span class='av-milestone-icon-inner milestone_inner'><i class='milestone-char' aria-hidden='true' data-av_icon='\ue812' data-av_iconfont='entypo-fontello'><\/i><\/span><\/span><\/div><h2 class='av-milestone-date ' id='milestone-acces-au-marche-et-conseil-strategique' ><strong>Acc\u00e8s au march\u00e9 et conseil strat\u00e9gique<span class='av-milestone-indicator'><\/span><\/strong><\/h2><\/li>\n<li  class='av-milestone av-33f08z-6109f006b2324338e69f3b2216a0340b av-animated-generic fade-in av-milestone-valign-baseline av-milestone-odd'><h2 class='av-milestone-date ' id='milestone-gestion-de-projet-et-soutien-operationnel' ><strong>Gestion de projet et soutien op\u00e9rationnel<span class='av-milestone-indicator'><\/span><\/strong><\/h2><div class=\"av-milestone-icon-wrap\"><span class='av-milestone-icon milestone_icon avia-font-entypo-fontello'><span class='av-milestone-icon-inner milestone_inner'><i class='milestone-char' aria-hidden='true' data-av_icon='\ue812' data-av_iconfont='entypo-fontello'><\/i><\/span><\/span><\/div><article class='av-milestone-content-wrap'><div class='av-milestone-contentbox'><div class='av-milestone-content'><p><b>Coordination du projet<\/b>: BAYOOCARE peut prendre en charge la gestion du projet afin de s&#8217;assurer que toutes les \u00e9tapes du processus de d\u00e9veloppement se d\u00e9roulent sans heurts et que les objectifs du projet sont atteints.<\/p>\n<p><b>Planification et affectation des ressources<\/b>: Nous pouvons vous aider \u00e0 planifier et \u00e0 allouer des ressources pour les diff\u00e9rentes phases du projet.<\/p>\n<p><b>Soutien \u00e0 la documentation<\/b>: BAYOOCARE peut vous aider \u00e0 cr\u00e9er et \u00e0 maintenir la documentation n\u00e9cessaire au d\u00e9veloppement et \u00e0 l&#8217;approbation du produit.<\/p>\n<\/div><\/div><footer class='av-milestone-article-footer entry-footer'><\/footer><\/article><\/li>\n<\/ul><\/div><\/div>\n<style type=\"text\/css\" data-created_by=\"avia_inline_auto\" id=\"style-css-av-l5b1cnm4-4852042825476f35c7719ee2f16ea45d\">\n#top .hr.hr-invisible.av-l5b1cnm4-4852042825476f35c7719ee2f16ea45d{\nheight:50px;\n}\n<\/style>\n<div  class='hr av-l5b1cnm4-4852042825476f35c7719ee2f16ea45d hr-invisible  avia-builder-el-8  el_after_av_one_full  el_before_av_one_full '><span class='hr-inner '><span class=\"hr-inner-style\"><\/span><\/span><\/div>\n\n<style type=\"text\/css\" data-created_by=\"avia_inline_auto\" id=\"style-css-av-2rfby6-a7415a6e547c124c3115dab4801ef298\">\n.flex_column.av-2rfby6-a7415a6e547c124c3115dab4801ef298{\nborder-radius:0px 0px 0px 0px;\npadding:0px 0px 0px 0px;\n}\n<\/style>\n<div  class='flex_column av-2rfby6-a7415a6e547c124c3115dab4801ef298 av_one_full  avia-builder-el-9  el_after_av_hr  avia-builder-el-last  first flex_column_div av-zero-column-padding  '     ><section  class='av_textblock_section av-l5atcx2k-46de5829643219dfd9407e9abd5c2461 '   itemscope=\"itemscope\" itemtype=\"https:\/\/schema.org\/CreativeWork\" ><div class='avia_textblock'  itemprop=\"text\" ><p class=\"x_MsoNormal\">Dans l&#8217;ensemble, BAYOOCARE vous offre des services complets qui facilitent l&#8217;entr\u00e9e des entreprises pharmaceutiques dans le secteur des dispositifs m\u00e9dicaux. Gr\u00e2ce \u00e0 son expertise en mati\u00e8re de gestion de la qualit\u00e9, de conformit\u00e9 r\u00e9glementaire et de d\u00e9veloppement clinique, BAYOOCARE peut vous aider \u00e0 r\u00e9pondre aux exigences complexes du march\u00e9 des dispositifs m\u00e9dicaux et \u00e0 commercialiser vos produits avec succ\u00e8s.<\/p>\n<div><\/div>\n<\/div><\/section><\/div><\/div><\/div><\/div><!-- close content main div --><\/div><\/div><div id='av_section_3'  class='avia-section av-597n1q-a2ca5ab828825235f3105ebd202d8e49 main_color avia-section-default avia-no-border-styling  avia-builder-el-11  el_after_av_section  avia-builder-el-last  avia-bg-style-scroll container_wrap fullsize'  ><div class='container av-section-cont-open' ><div class='template-page content  av-content-full alpha units'><div class='post-entry post-entry-type-page post-entry-7539'><div class='entry-content-wrapper clearfix'>\n\n<style type=\"text\/css\" data-created_by=\"avia_inline_auto\" id=\"style-css-av-4uyb3y-ab1472e2683cce3f08326b8bcbb53d3f\">\n.flex_column.av-4uyb3y-ab1472e2683cce3f08326b8bcbb53d3f{\nborder-radius:0px 0px 0px 0px;\npadding:0px 0px 0px 0px;\n}\n<\/style>\n<div  class='flex_column av-4uyb3y-ab1472e2683cce3f08326b8bcbb53d3f av_one_fifth  avia-builder-el-12  el_before_av_three_fifth  avia-builder-el-first  first flex_column_div av-zero-column-padding  '     ><\/div>\n<style type=\"text\/css\" data-created_by=\"avia_inline_auto\" id=\"style-css-av-4uyb3y-3d421d6dd6685a4c5b12868482eaf4ee\">\n.flex_column.av-4uyb3y-3d421d6dd6685a4c5b12868482eaf4ee{\nborder-radius:0px 0px 0px 0px;\npadding:0px 0px 0px 0px;\n}\n<\/style>\n<div  class='flex_column av-4uyb3y-3d421d6dd6685a4c5b12868482eaf4ee av_three_fifth  avia-builder-el-13  el_after_av_one_fifth  el_before_av_one_fifth  flex_column_div av-zero-column-padding  '     ><p><section  class='av_textblock_section av-la14m9s0-a4793cfed57f1451b95d2cd0078c7971 '   itemscope=\"itemscope\" itemtype=\"https:\/\/schema.org\/CreativeWork\" ><div class='avia_textblock'  itemprop=\"text\" ><p>Vous cherchez un partenaire pour vous soutenir dans le domaine de la conformit\u00e9 des dispositifs m\u00e9dicaux ? Ou vous avez besoin des conseils de nos experts ? N&#8217;h\u00e9sitez pas \u00e0 nous contacter sans engagement et \u00e0 nous faire part de vos pr\u00e9occupations.<\/p>\n<\/div><\/section><br \/>\n\n<style type=\"text\/css\" data-created_by=\"avia_inline_auto\" id=\"style-css-av-la14ou78-e3458780b7f95ffce841047dcfc0c861\">\n#top .hr.hr-invisible.av-la14ou78-e3458780b7f95ffce841047dcfc0c861{\nheight:50px;\n}\n<\/style>\n<div  class='hr av-la14ou78-e3458780b7f95ffce841047dcfc0c861 hr-invisible  avia-builder-el-15  el_after_av_textblock  el_before_av_button '><span class='hr-inner '><span class=\"hr-inner-style\"><\/span><\/span><\/div><br \/>\n<div  class='avia-button-wrap av-la14josb-aebf82ac0e1ff71fd2521f0246067c49-wrap avia-button-center  avia-builder-el-16  el_after_av_hr  avia-builder-el-last '><a href='https:\/\/www.bayoocare.com\/fr\/#kontakt'  class='avia-button av-la14josb-aebf82ac0e1ff71fd2521f0246067c49 av-link-btn avia-icon_select-no avia-size-x-large avia-position-center avia-color-dark'   aria-label=\"Votre contact avec nous\"><span class='avia_iconbox_title' >Votre contact avec nous<\/span><\/a><\/div><\/p><\/div>\n<style type=\"text\/css\" data-created_by=\"avia_inline_auto\" id=\"style-css-av-4uyb3y-3d421d6dd6685a4c5b12868482eaf4ee\">\n.flex_column.av-4uyb3y-3d421d6dd6685a4c5b12868482eaf4ee{\nborder-radius:0px 0px 0px 0px;\npadding:0px 0px 0px 0px;\n}\n<\/style>\n<div  class='flex_column av-4uyb3y-3d421d6dd6685a4c5b12868482eaf4ee av_one_fifth  avia-builder-el-17  el_after_av_three_fifth  avia-builder-el-last  flex_column_div av-zero-column-padding  '     ><\/div>\n<\/p>\n","protected":false},"excerpt":{"rendered":"","protected":false},"author":33,"featured_media":0,"parent":0,"menu_order":0,"comment_status":"closed","ping_status":"closed","template":"","meta":{"footnotes":""},"class_list":["post-7539","page","type-page","status-publish","hentry"],"_links":{"self":[{"href":"https:\/\/www.bayoocare.com\/fr\/wp-json\/wp\/v2\/pages\/7539","targetHints":{"allow":["GET"]}}],"collection":[{"href":"https:\/\/www.bayoocare.com\/fr\/wp-json\/wp\/v2\/pages"}],"about":[{"href":"https:\/\/www.bayoocare.com\/fr\/wp-json\/wp\/v2\/types\/page"}],"author":[{"embeddable":true,"href":"https:\/\/www.bayoocare.com\/fr\/wp-json\/wp\/v2\/users\/33"}],"replies":[{"embeddable":true,"href":"https:\/\/www.bayoocare.com\/fr\/wp-json\/wp\/v2\/comments?post=7539"}],"version-history":[{"count":3,"href":"https:\/\/www.bayoocare.com\/fr\/wp-json\/wp\/v2\/pages\/7539\/revisions"}],"predecessor-version":[{"id":7564,"href":"https:\/\/www.bayoocare.com\/fr\/wp-json\/wp\/v2\/pages\/7539\/revisions\/7564"}],"wp:attachment":[{"href":"https:\/\/www.bayoocare.com\/fr\/wp-json\/wp\/v2\/media?parent=7539"}],"curies":[{"name":"wp","href":"https:\/\/api.w.org\/{rel}","templated":true}]}}